{"id":2,"date":"2024-10-14T14:19:50","date_gmt":"2024-10-14T14:19:50","guid":{"rendered":"http:\/\/aspimeonline.es\/?page_id=2"},"modified":"2024-10-23T13:07:30","modified_gmt":"2024-10-23T11:07:30","slug":"gestoria-y-asesoria","status":"publish","type":"page","link":"https:\/\/www.aspimeonline.es\/ca\/","title":{"rendered":"Gestor\u00eda y asesor\u00eda"},"content":{"rendered":"<div data-elementor-type=\"wp-page\" data-elementor-id=\"2\" class=\"elementor elementor-2\" data-elementor-post-type=\"page\">\n\t\t\t\t<div class=\"elementor-element elementor-element-2a08bee5 e-flex e-con-boxed e-con e-parent\" data-id=\"2a08bee5\" data-element_type=\"container\" data-settings=\"{&quot;background_background&quot;:&quot;classic&quot;}\">\n\t\t\t\t\t<div class=\"e-con-inner\">\n\t\t\t\t<div class=\"elementor-element elementor-element-ae59125 elementor-widget elementor-widget-heading\" data-id=\"ae59125\" data-element_type=\"widget\" data-settings=\"{&quot;motion_fx_motion_fx_scrolling&quot;:&quot;yes&quot;,&quot;motion_fx_translateX_effect&quot;:&quot;yes&quot;,&quot;motion_fx_translateX_speed&quot;:{&quot;unit&quot;:&quot;px&quot;,&quot;size&quot;:2,&quot;sizes&quot;:[]},&quot;motion_fx_devices&quot;:[&quot;desktop&quot;],&quot;motion_fx_translateX_affectedRange&quot;:{&quot;unit&quot;:&quot;%&quot;,&quot;size&quot;:&quot;&quot;,&quot;sizes&quot;:{&quot;start&quot;:0,&quot;end&quot;:100}}}\" data-widget_type=\"heading.default\">\n\t\t\t\t<div class=\"elementor-widget-container\">\n\t\t\t\t\t<h2 class=\"elementor-heading-title elementor-size-default\">Asesor\u00eda y gestor\u00eda de peque\u00f1as y medianas empresas y aut\u00f3nomos, desde 2006  |  PLATAFORMA WEB DE SERVICIOS COMPLETOS<\/h2>\t\t\t\t<\/div>\n\t\t\t\t<\/div>\n\t\t\t\t\t<\/div>\n\t\t\t\t<\/div>\n\t\t<div class=\"elementor-element elementor-element-b2d85dc e-flex e-con-boxed e-con e-parent\" data-id=\"b2d85dc\" data-element_type=\"container\" data-settings=\"{&quot;background_background&quot;:&quot;slideshow&quot;,&quot;background_slideshow_gallery&quot;:[{&quot;id&quot;:52,&quot;url&quot;:&quot;https:\\\/\\\/www.aspimeonline.es\\\/wp-content\\\/uploads\\\/2024\\\/10\\\/aspime.jpg&quot;},{&quot;id&quot;:59,&quot;url&quot;:&quot;https:\\\/\\\/www.aspimeonline.es\\\/wp-content\\\/uploads\\\/2024\\\/10\\\/ASPIME-2.jpg&quot;}],&quot;background_slideshow_slide_duration&quot;:3000,&quot;background_slideshow_ken_burns&quot;:&quot;yes&quot;,&quot;background_slideshow_loop&quot;:&quot;yes&quot;,&quot;background_slideshow_slide_transition&quot;:&quot;fade&quot;,&quot;background_slideshow_transition_duration&quot;:500,&quot;background_slideshow_ken_burns_zoom_direction&quot;:&quot;in&quot;}\">\n\t\t\t\t\t<div class=\"e-con-inner\">\n\t\t\t\t\t<\/div>\n\t\t\t\t<\/div>\n\t\t<div class=\"elementor-element elementor-element-d18b027 e-flex e-con-boxed e-con e-parent\" data-id=\"d18b027\" data-element_type=\"container\" data-settings=\"{&quot;background_background&quot;:&quot;classic&quot;}\">\n\t\t\t\t\t<div class=\"e-con-inner\">\n\t\t<div class=\"elementor-element elementor-element-d797dc7 e-con-full e-flex e-con e-child\" data-id=\"d797dc7\" data-element_type=\"container\">\n\t\t\t\t<div class=\"elementor-element elementor-element-02dcba3 elementor-widget elementor-widget-heading\" data-id=\"02dcba3\" data-element_type=\"widget\" data-widget_type=\"heading.default\">\n\t\t\t\t<div class=\"elementor-widget-container\">\n\t\t\t\t\t<h2 class=\"elementor-heading-title elementor-size-default\">Entra a la plataforma para realizar tus gestiones y tr\u00e1mites online de manera f\u00e1cil y segura<\/h2>\t\t\t\t<\/div>\n\t\t\t\t<\/div>\n\t\t\t\t<\/div>\n\t\t<div class=\"elementor-element elementor-element-48a5de2 e-con-full e-flex e-con e-child\" data-id=\"48a5de2\" data-element_type=\"container\">\n\t\t\t\t<div class=\"elementor-element elementor-element-b16fffd elementor-widget elementor-widget-button\" data-id=\"b16fffd\" data-element_type=\"widget\" data-widget_type=\"button.default\">\n\t\t\t\t<div class=\"elementor-widget-container\">\n\t\t\t\t\t\t\t\t\t<div class=\"elementor-button-wrapper\">\n\t\t\t\t\t<a class=\"elementor-button elementor-size-sm elementor-animation-grow\" role=\"button\">\n\t\t\t\t\t\t<span class=\"elementor-button-content-wrapper\">\n\t\t\t\t\t\t\t\t\t<span class=\"elementor-button-text\">Entrar<\/span>\n\t\t\t\t\t<\/span>\n\t\t\t\t\t<\/a>\n\t\t\t\t<\/div>\n\t\t\t\t\t\t\t\t<\/div>\n\t\t\t\t<\/div>\n\t\t\t\t<\/div>\n\t\t\t\t\t<\/div>\n\t\t\t\t<\/div>\n\t\t<div class=\"elementor-element elementor-element-da17ed9 e-con-full e-flex elementor-invisible e-con e-parent\" data-id=\"da17ed9\" data-element_type=\"container\" data-settings=\"{&quot;animation&quot;:&quot;fadeIn&quot;}\">\n\t\t<div class=\"elementor-element elementor-element-68d9f53 e-con-full e-flex e-con e-child\" data-id=\"68d9f53\" data-element_type=\"container\">\n\t\t\t\t<div class=\"elementor-element elementor-element-62fbb94 elementor-invisible elementor-widget elementor-widget-image\" data-id=\"62fbb94\" data-element_type=\"widget\" data-settings=\"{&quot;_animation&quot;:&quot;fadeInLeft&quot;,&quot;_animation_delay&quot;:350}\" data-widget_type=\"image.default\">\n\t\t\t\t<div class=\"elementor-widget-container\">\n\t\t\t\t\t\t\t\t\t\t\t\t\t\t\t<img fetchpriority=\"high\" decoding=\"async\" width=\"750\" height=\"628\" src=\"https:\/\/www.aspimeonline.es\/wp-content\/uploads\/2024\/10\/aspime-gestor.png\" class=\"attachment-large size-large wp-image-82\" alt=\"\" srcset=\"https:\/\/www.aspimeonline.es\/wp-content\/uploads\/2024\/10\/aspime-gestor.png 750w, https:\/\/www.aspimeonline.es\/wp-content\/uploads\/2024\/10\/aspime-gestor-300x251.png 300w, https:\/\/www.aspimeonline.es\/wp-content\/uploads\/2024\/10\/aspime-gestor-14x12.png 14w\" sizes=\"(max-width: 750px) 100vw, 750px\" \/>\t\t\t\t\t\t\t\t\t\t\t\t\t\t\t<\/div>\n\t\t\t\t<\/div>\n\t\t\t\t<\/div>\n\t\t<div class=\"elementor-element elementor-element-d370859 e-con-full e-flex e-con e-child\" data-id=\"d370859\" data-element_type=\"container\">\n\t\t\t\t<div class=\"elementor-element elementor-element-7f654bc elementor-widget elementor-widget-heading\" data-id=\"7f654bc\" data-element_type=\"widget\" data-widget_type=\"heading.default\">\n\t\t\t\t<div class=\"elementor-widget-container\">\n\t\t\t\t\t<h2 class=\"elementor-heading-title elementor-size-default\">Gestor\u00eda online especializada en PYMES y aut\u00f3nomos<\/h2>\t\t\t\t<\/div>\n\t\t\t\t<\/div>\n\t\t\t\t<div class=\"elementor-element elementor-element-04f3ba2 elementor-widget elementor-widget-text-editor\" data-id=\"04f3ba2\" data-element_type=\"widget\" data-widget_type=\"text-editor.default\">\n\t\t\t\t<div class=\"elementor-widget-container\">\n\t\t\t\t\t\t\t\t\t<p>En <b>Gestor\u00eda Aspime<\/b>, somos especialistas en la gesti\u00f3n y asesoramiento para pymes y aut\u00f3nomos desde el 2006. Con m\u00e1s de 15 a\u00f1os de experiencia y dos oficinas f\u00edsicas, nos adaptamos a las necesidades actuales ofreciendo <b>servicios online<\/b> que facilitan la gesti\u00f3n empresarial de forma c\u00f3moda y eficiente.<\/p>\n<p>Nos enfocamos en guiar a nuestros clientes en el d\u00eda a d\u00eda de su empresa, proporcionando soluciones adaptadas a cada necesidad, tanto presencial como digitalmente.<\/p>\t\t\t\t\t\t\t\t<\/div>\n\t\t\t\t<\/div>\n\t\t\t\t<div class=\"elementor-element elementor-element-6f3f43e elementor-widget-divider--view-line elementor-widget elementor-widget-divider\" data-id=\"6f3f43e\" data-element_type=\"widget\" data-widget_type=\"divider.default\">\n\t\t\t\t<div class=\"elementor-widget-container\">\n\t\t\t\t\t\t\t<div class=\"elementor-divider\">\n\t\t\t<span class=\"elementor-divider-separator\">\n\t\t\t\t\t\t<\/span>\n\t\t<\/div>\n\t\t\t\t\t\t<\/div>\n\t\t\t\t<\/div>\n\t\t\t\t<\/div>\n\t\t\t\t<\/div>\n\t\t<div class=\"elementor-element elementor-element-e79cd0d elementor-hidden-desktop elementor-hidden-tablet elementor-hidden-mobile e-flex e-con-boxed e-con e-parent\" data-id=\"e79cd0d\" data-element_type=\"container\">\n\t\t\t\t\t<div class=\"e-con-inner\">\n\t\t\t\t<div class=\"elementor-element elementor-element-d1ef4a4 elementor-widget elementor-widget-heading\" data-id=\"d1ef4a4\" data-element_type=\"widget\" data-widget_type=\"heading.default\">\n\t\t\t\t<div class=\"elementor-widget-container\">\n\t\t\t\t\t<h2 class=\"elementor-heading-title elementor-size-default\">Utilidades de gesti\u00f3n<\/h2>\t\t\t\t<\/div>\n\t\t\t\t<\/div>\n\t\t\t\t<div class=\"elementor-element elementor-element-b1742b3 elementor-widget-divider--view-line elementor-widget elementor-widget-divider\" data-id=\"b1742b3\" data-element_type=\"widget\" data-widget_type=\"divider.default\">\n\t\t\t\t<div class=\"elementor-widget-container\">\n\t\t\t\t\t\t\t<div class=\"elementor-divider\">\n\t\t\t<span class=\"elementor-divider-separator\">\n\t\t\t\t\t\t<\/span>\n\t\t<\/div>\n\t\t\t\t\t\t<\/div>\n\t\t\t\t<\/div>\n\t\t\t\t\t<\/div>\n\t\t\t\t<\/div>\n\t\t<div class=\"elementor-element elementor-element-7130b94 elementor-hidden-desktop elementor-hidden-tablet elementor-hidden-mobile e-flex e-con-boxed e-con e-parent\" data-id=\"7130b94\" data-element_type=\"container\">\n\t\t\t\t\t<div class=\"e-con-inner\">\n\t\t<div class=\"elementor-element elementor-element-af72fb5 e-con-full e-flex e-con e-child\" data-id=\"af72fb5\" data-element_type=\"container\">\n\t\t\t\t<\/div>\n\t\t<div class=\"elementor-element elementor-element-dc94329 e-con-full e-flex e-con e-child\" data-id=\"dc94329\" data-element_type=\"container\">\n\t\t\t\t<\/div>\n\t\t<div class=\"elementor-element elementor-element-fed4d27 e-con-full e-flex e-con e-child\" data-id=\"fed4d27\" data-element_type=\"container\">\n\t\t\t\t<\/div>\n\t\t<div class=\"elementor-element elementor-element-d078ec5 e-con-full e-flex e-con e-child\" data-id=\"d078ec5\" data-element_type=\"container\">\n\t\t\t\t<\/div>\n\t\t\t\t\t<\/div>\n\t\t\t\t<\/div>\n\t\t<div class=\"elementor-element elementor-element-a4f3b69 e-con-full e-flex e-con e-parent\" data-id=\"a4f3b69\" data-element_type=\"container\">\n\t\t<div class=\"elementor-element elementor-element-f43be47 e-con-full e-flex e-con e-child\" data-id=\"f43be47\" data-element_type=\"container\">\n\t\t\t\t<div class=\"elementor-element elementor-element-af65fb2 elementor-widget elementor-widget-heading\" data-id=\"af65fb2\" data-element_type=\"widget\" data-widget_type=\"heading.default\">\n\t\t\t\t<div class=\"elementor-widget-container\">\n\t\t\t\t\t<h2 class=\"elementor-heading-title elementor-size-default\">Servicios de asesoriamiento fiscal, laboral, jur\u00eddico, contable y de seguros<\/h2>\t\t\t\t<\/div>\n\t\t\t\t<\/div>\n\t\t\t\t<div class=\"elementor-element elementor-element-023da00 elementor-widget elementor-widget-text-editor\" data-id=\"023da00\" data-element_type=\"widget\" data-widget_type=\"text-editor.default\">\n\t\t\t\t<div class=\"elementor-widget-container\">\n\t\t\t\t\t\t\t\t\t<p>En <b>Gestor\u00eda Aspime<\/b>, ofrecemos una amplia gama de servicios dise\u00f1ados para satisfacer todas las necesidades de pymes y aut\u00f3nomos. Nuestro equipo de expertos brinda <b>asesoramiento fiscal, laboral, jur\u00eddico, contable y de seguros<\/b>, tanto de forma presencial como online, asegurando una atenci\u00f3n personalizada y adaptada a cada cliente.<\/p>\t\t\t\t\t\t\t\t<\/div>\n\t\t\t\t<\/div>\n\t\t\t\t<div class=\"elementor-element elementor-element-ca2d9ae elementor-widget elementor-widget-button\" data-id=\"ca2d9ae\" data-element_type=\"widget\" data-widget_type=\"button.default\">\n\t\t\t\t<div class=\"elementor-widget-container\">\n\t\t\t\t\t\t\t\t\t<div class=\"elementor-button-wrapper\">\n\t\t\t\t\t<a class=\"elementor-button elementor-button-link elementor-size-sm elementor-animation-grow\" href=\"\/ca\/servicios-de-asesoramiento\/\">\n\t\t\t\t\t\t<span class=\"elementor-button-content-wrapper\">\n\t\t\t\t\t\t\t\t\t<span class=\"elementor-button-text\">Servicios<\/span>\n\t\t\t\t\t<\/span>\n\t\t\t\t\t<\/a>\n\t\t\t\t<\/div>\n\t\t\t\t\t\t\t\t<\/div>\n\t\t\t\t<\/div>\n\t\t\t\t<\/div>\n\t\t<div class=\"elementor-element elementor-element-153e63e e-con-full e-flex e-con e-child\" data-id=\"153e63e\" data-element_type=\"container\" data-settings=\"{&quot;background_background&quot;:&quot;classic&quot;}\">\n\t\t\t\t<div class=\"elementor-element elementor-element-f8dbb62 elementor-widget elementor-widget-spacer\" data-id=\"f8dbb62\" data-element_type=\"widget\" data-widget_type=\"spacer.default\">\n\t\t\t\t<div class=\"elementor-widget-container\">\n\t\t\t\t\t\t\t<div class=\"elementor-spacer\">\n\t\t\t<div class=\"elementor-spacer-inner\"><\/div>\n\t\t<\/div>\n\t\t\t\t\t\t<\/div>\n\t\t\t\t<\/div>\n\t\t\t\t<\/div>\n\t\t\t\t<\/div>\n\t\t<div class=\"elementor-element elementor-element-48451fa e-flex e-con-boxed e-con e-parent\" data-id=\"48451fa\" data-element_type=\"container\" data-settings=\"{&quot;background_background&quot;:&quot;classic&quot;}\">\n\t\t\t\t\t<div class=\"e-con-inner\">\n\t\t\t\t<div class=\"elementor-element elementor-element-e03cd46 elementor-widget elementor-widget-heading\" data-id=\"e03cd46\" data-element_type=\"widget\" data-widget_type=\"heading.default\">\n\t\t\t\t<div class=\"elementor-widget-container\">\n\t\t\t\t\t<h2 class=\"elementor-heading-title elementor-size-default\">\u00bfTienes dudas sobre nuestros servicios?<\/h2>\t\t\t\t<\/div>\n\t\t\t\t<\/div>\n\t\t\t\t<div class=\"elementor-element elementor-element-be1508d elementor-widget elementor-widget-heading\" data-id=\"be1508d\" data-element_type=\"widget\" data-widget_type=\"heading.default\">\n\t\t\t\t<div class=\"elementor-widget-container\">\n\t\t\t\t\t<h2 class=\"elementor-heading-title elementor-size-default\">Ponte en contacto<\/h2>\t\t\t\t<\/div>\n\t\t\t\t<\/div>\n\t\t\t\t<div class=\"elementor-element elementor-element-44d7cce elementor-align-center elementor-widget elementor-widget-button\" data-id=\"44d7cce\" data-element_type=\"widget\" data-widget_type=\"button.default\">\n\t\t\t\t<div class=\"elementor-widget-container\">\n\t\t\t\t\t\t\t\t\t<div class=\"elementor-button-wrapper\">\n\t\t\t\t\t<a class=\"elementor-button elementor-button-link elementor-size-sm elementor-animation-grow\" href=\"\/ca\/contacto\/\">\n\t\t\t\t\t\t<span class=\"elementor-button-content-wrapper\">\n\t\t\t\t\t\t\t\t\t<span class=\"elementor-button-text\">Contacto<\/span>\n\t\t\t\t\t<\/span>\n\t\t\t\t\t<\/a>\n\t\t\t\t<\/div>\n\t\t\t\t\t\t\t\t<\/div>\n\t\t\t\t<\/div>\n\t\t\t\t\t<\/div>\n\t\t\t\t<\/div>\n\t\t\t\t<\/div>","protected":false},"excerpt":{"rendered":"<p>Asesor\u00eda y gestor\u00eda de peque\u00f1as y medianas empresas y aut\u00f3nomos, desde 2006 | PLATAFORMA WEB DE SERVICIOS COMPLETOS Entra a la plataforma para realizar tus gestiones y tr\u00e1mites online de manera f\u00e1cil y segura Entrar Gestor\u00eda online especializada en PYMES y aut\u00f3nomos En Gestor\u00eda Aspime, somos especialistas en la gesti\u00f3n y asesoramiento para pymes y [&hellip;]<\/p>","protected":false},"author":1,"featured_media":0,"parent":0,"menu_order":0,"comment_status":"closed","ping_status":"closed","template":"","meta":{"footnotes":""},"class_list":["post-2","page","type-page","status-publish","hentry"],"_links":{"self":[{"href":"https:\/\/www.aspimeonline.es\/ca\/wp-json\/wp\/v2\/pages\/2","targetHints":{"allow":["GET"]}}],"collection":[{"href":"https:\/\/www.aspimeonline.es\/ca\/wp-json\/wp\/v2\/pages"}],"about":[{"href":"https:\/\/www.aspimeonline.es\/ca\/wp-json\/wp\/v2\/types\/page"}],"author":[{"embeddable":true,"href":"https:\/\/www.aspimeonline.es\/ca\/wp-json\/wp\/v2\/users\/1"}],"replies":[{"embeddable":true,"href":"https:\/\/www.aspimeonline.es\/ca\/wp-json\/wp\/v2\/comments?post=2"}],"version-history":[{"count":91,"href":"https:\/\/www.aspimeonline.es\/ca\/wp-json\/wp\/v2\/pages\/2\/revisions"}],"predecessor-version":[{"id":182,"href":"https:\/\/www.aspimeonline.es\/ca\/wp-json\/wp\/v2\/pages\/2\/revisions\/182"}],"wp:attachment":[{"href":"https:\/\/www.aspimeonline.es\/ca\/wp-json\/wp\/v2\/media?parent=2"}],"curies":[{"name":"wp","href":"https:\/\/api.w.org\/{rel}","templated":true}]}}