{"id":17,"date":"2024-10-22T09:22:37","date_gmt":"2024-10-22T07:22:37","guid":{"rendered":"https:\/\/www.aspimeonline.es\/?page_id=17"},"modified":"2024-10-23T13:44:03","modified_gmt":"2024-10-23T11:44:03","slug":"servicios-de-asesoramiento","status":"publish","type":"page","link":"https:\/\/www.aspimeonline.es\/ca\/servicios-de-asesoramiento\/","title":{"rendered":"Servicios de asesoramiento"},"content":{"rendered":"<div data-elementor-type=\"wp-page\" data-elementor-id=\"17\" class=\"elementor elementor-17\" data-elementor-post-type=\"page\">\n\t\t\t\t<div class=\"elementor-element elementor-element-bd2c670 e-con-full e-flex elementor-invisible e-con e-parent\" data-id=\"bd2c670\" data-element_type=\"container\" data-settings=\"{&quot;animation&quot;:&quot;fadeIn&quot;}\">\n\t\t<div class=\"elementor-element elementor-element-5503a67 e-con-full e-flex e-con e-child\" data-id=\"5503a67\" data-element_type=\"container\">\n\t\t\t\t<div class=\"elementor-element elementor-element-da46b8f elementor-widget elementor-widget-heading\" data-id=\"da46b8f\" data-element_type=\"widget\" data-widget_type=\"heading.default\">\n\t\t\t\t<div class=\"elementor-widget-container\">\n\t\t\t\t\t<h2 class=\"elementor-heading-title elementor-size-default\">Ofrecemos servicios de gestor\u00eda online <br>especializada en PYMES y aut\u00f3nomos<\/h2>\t\t\t\t<\/div>\n\t\t\t\t<\/div>\n\t\t\t\t<div class=\"elementor-element elementor-element-c346c19 elementor-widget elementor-widget-text-editor\" data-id=\"c346c19\" data-element_type=\"widget\" data-widget_type=\"text-editor.default\">\n\t\t\t\t<div class=\"elementor-widget-container\">\n\t\t\t\t\t\t\t\t\t<p>Nos enfocamos en guiar a nuestros clientes en el d\u00eda a d\u00eda de su empresa, proporcionando servicios y soluciones adaptadas a cada necesidad, tanto presencial como digitalmente.<\/p>\t\t\t\t\t\t\t\t<\/div>\n\t\t\t\t<\/div>\n\t\t\t\t<div class=\"elementor-element elementor-element-6b08c57 elementor-widget-divider--view-line elementor-widget elementor-widget-divider\" data-id=\"6b08c57\" data-element_type=\"widget\" data-widget_type=\"divider.default\">\n\t\t\t\t<div class=\"elementor-widget-container\">\n\t\t\t\t\t\t\t<div class=\"elementor-divider\">\n\t\t\t<span class=\"elementor-divider-separator\">\n\t\t\t\t\t\t<\/span>\n\t\t<\/div>\n\t\t\t\t\t\t<\/div>\n\t\t\t\t<\/div>\n\t\t\t\t<\/div>\n\t\t\t\t<\/div>\n\t\t<div class=\"elementor-element elementor-element-bb55394 e-con-full e-flex e-con e-parent\" data-id=\"bb55394\" data-element_type=\"container\">\n\t\t<div class=\"elementor-element elementor-element-a43e105 e-con-full e-flex e-con e-child\" data-id=\"a43e105\" data-element_type=\"container\" data-settings=\"{&quot;background_background&quot;:&quot;classic&quot;}\">\n\t\t\t\t<div class=\"elementor-element elementor-element-649e527 elementor-widget elementor-widget-spacer\" data-id=\"649e527\" data-element_type=\"widget\" data-widget_type=\"spacer.default\">\n\t\t\t\t<div class=\"elementor-widget-container\">\n\t\t\t\t\t\t\t<div class=\"elementor-spacer\">\n\t\t\t<div class=\"elementor-spacer-inner\"><\/div>\n\t\t<\/div>\n\t\t\t\t\t\t<\/div>\n\t\t\t\t<\/div>\n\t\t\t\t<\/div>\n\t\t<div class=\"elementor-element elementor-element-7f58a6a e-con-full e-flex e-con e-child\" data-id=\"7f58a6a\" data-element_type=\"container\">\n\t\t\t\t<div class=\"elementor-element elementor-element-f204a09 elementor-widget elementor-widget-heading\" data-id=\"f204a09\" data-element_type=\"widget\" data-widget_type=\"heading.default\">\n\t\t\t\t<div class=\"elementor-widget-container\">\n\t\t\t\t\t<h2 class=\"elementor-heading-title elementor-size-default\">Servicios de gestor\u00eda en departamento laboral<\/h2>\t\t\t\t<\/div>\n\t\t\t\t<\/div>\n\t\t\t\t<div class=\"elementor-element elementor-element-d5e59f1 elementor-widget elementor-widget-text-editor\" data-id=\"d5e59f1\" data-element_type=\"widget\" data-widget_type=\"text-editor.default\">\n\t\t\t\t<div class=\"elementor-widget-container\">\n\t\t\t\t\t\t\t\t\t<ul><li>Asesoramiento para empresas.<\/li><li>Gesti\u00f3n de n\u00f3minas.<\/li><li>Contrataci\u00f3n laboral.<\/li><li>Asistencia y representaci\u00f3n ante la Inspecci\u00f3n de Trabajo.<\/li><li>Expedientes de regulaci\u00f3n de empleo.<\/li><li>Representaci\u00f3n en los contenciosos laboral CMAC o en Magistratura.<\/li><li>Tramitaci\u00f3n de expedientes de invalidez\u00a0de jubilaci\u00f3n, de extranjer\u00eda, etc.<\/li><li>Altas, bajas y variaciones de aut\u00f3nomos.<\/li><li>Capitalizaci\u00f3n del paro.<\/li><li>Altas de empresas y aperturas de centros de trabajo.<\/li><\/ul>\t\t\t\t\t\t\t\t<\/div>\n\t\t\t\t<\/div>\n\t\t\t\t<\/div>\n\t\t\t\t<\/div>\n\t\t<div class=\"elementor-element elementor-element-7c2ad47 e-con-full e-flex e-con e-parent\" data-id=\"7c2ad47\" data-element_type=\"container\">\n\t\t<div class=\"elementor-element elementor-element-9e3d76d e-con-full e-flex e-con e-child\" data-id=\"9e3d76d\" data-element_type=\"container\">\n\t\t\t\t<div class=\"elementor-element elementor-element-f206dc7 elementor-widget elementor-widget-heading\" data-id=\"f206dc7\" data-element_type=\"widget\" data-widget_type=\"heading.default\">\n\t\t\t\t<div class=\"elementor-widget-container\">\n\t\t\t\t\t<h2 class=\"elementor-heading-title elementor-size-default\">Servicios de asesor\u00eda fiscal<\/h2>\t\t\t\t<\/div>\n\t\t\t\t<\/div>\n\t\t\t\t<div class=\"elementor-element elementor-element-f6fb60d elementor-widget elementor-widget-text-editor\" data-id=\"f6fb60d\" data-element_type=\"widget\" data-widget_type=\"text-editor.default\">\n\t\t\t\t<div class=\"elementor-widget-container\">\n\t\t\t\t\t\t\t\t\t<ul><li>Tr\u00e1mites y gesti\u00f3n de impuestos: IVA, IRPF, Impuesto de Sociedades, Impuesto sobre Transmisiones Patrimoniales, Impuesto sobre Sucesiones y Donaciones, impuestos locales.<\/li><li>Pagos a cuenta y fraccionamiento de impuestos.<\/li><li>Recursos y reclamaciones.<\/li><li>Altas de actividades y variaciones de obligaciones fiscales.<\/li><li>Representaci\u00f3n ante la Inspecci\u00f3n Tributaria.<\/li><li>Declaraciones renta.<\/li><\/ul>\t\t\t\t\t\t\t\t<\/div>\n\t\t\t\t<\/div>\n\t\t\t\t<\/div>\n\t\t<div class=\"elementor-element elementor-element-58b8ec5 e-con-full e-flex e-con e-child\" data-id=\"58b8ec5\" data-element_type=\"container\" data-settings=\"{&quot;background_background&quot;:&quot;classic&quot;}\">\n\t\t\t\t<div class=\"elementor-element elementor-element-5b8a052 elementor-widget elementor-widget-spacer\" data-id=\"5b8a052\" data-element_type=\"widget\" data-widget_type=\"spacer.default\">\n\t\t\t\t<div class=\"elementor-widget-container\">\n\t\t\t\t\t\t\t<div class=\"elementor-spacer\">\n\t\t\t<div class=\"elementor-spacer-inner\"><\/div>\n\t\t<\/div>\n\t\t\t\t\t\t<\/div>\n\t\t\t\t<\/div>\n\t\t\t\t<\/div>\n\t\t\t\t<\/div>\n\t\t<div class=\"elementor-element elementor-element-b10b8e8 e-con-full e-flex e-con e-parent\" data-id=\"b10b8e8\" data-element_type=\"container\">\n\t\t<div class=\"elementor-element elementor-element-88146a2 e-con-full e-flex e-con e-child\" data-id=\"88146a2\" data-element_type=\"container\" data-settings=\"{&quot;background_background&quot;:&quot;classic&quot;}\">\n\t\t\t\t<div class=\"elementor-element elementor-element-33a6bb6 elementor-widget elementor-widget-spacer\" data-id=\"33a6bb6\" data-element_type=\"widget\" data-widget_type=\"spacer.default\">\n\t\t\t\t<div class=\"elementor-widget-container\">\n\t\t\t\t\t\t\t<div class=\"elementor-spacer\">\n\t\t\t<div class=\"elementor-spacer-inner\"><\/div>\n\t\t<\/div>\n\t\t\t\t\t\t<\/div>\n\t\t\t\t<\/div>\n\t\t\t\t<\/div>\n\t\t<div class=\"elementor-element elementor-element-4deb1ad e-con-full e-flex e-con e-child\" data-id=\"4deb1ad\" data-element_type=\"container\">\n\t\t\t\t<div class=\"elementor-element elementor-element-609f61b elementor-widget elementor-widget-heading\" data-id=\"609f61b\" data-element_type=\"widget\" data-widget_type=\"heading.default\">\n\t\t\t\t<div class=\"elementor-widget-container\">\n\t\t\t\t\t<h2 class=\"elementor-heading-title elementor-size-default\">Servicios de contabilidad<\/h2>\t\t\t\t<\/div>\n\t\t\t\t<\/div>\n\t\t\t\t<div class=\"elementor-element elementor-element-7d56ba5 elementor-widget elementor-widget-text-editor\" data-id=\"7d56ba5\" data-element_type=\"widget\" data-widget_type=\"text-editor.default\">\n\t\t\t\t<div class=\"elementor-widget-container\">\n\t\t\t\t\t\t\t\t\t<ul><li>Asesor\u00eda contable de empresas e implantaci\u00f3n de la contabilidad.<\/li><li>Contabilidad de Sociedades.<\/li><li>Contabilidad en Estimaci\u00f3n Directa para empresas individuales.<\/li><li>Revisi\u00f3n peri\u00f3dica de las contabilidades.<\/li><li>Confecci\u00f3n y dep\u00f3sito de las Cuentas Anuales y elaboraci\u00f3n de la Memoria Econ\u00f3mica.<\/li><li>Confecci\u00f3n de libros de actos, registro de socios, etc.<\/li><\/ul>\t\t\t\t\t\t\t\t<\/div>\n\t\t\t\t<\/div>\n\t\t\t\t<\/div>\n\t\t\t\t<\/div>\n\t\t<div class=\"elementor-element elementor-element-093740e e-con-full e-flex e-con e-parent\" data-id=\"093740e\" data-element_type=\"container\">\n\t\t<div class=\"elementor-element elementor-element-21c3345 e-con-full e-flex e-con e-child\" data-id=\"21c3345\" data-element_type=\"container\">\n\t\t\t\t<div class=\"elementor-element elementor-element-45d35c0 elementor-widget elementor-widget-heading\" data-id=\"45d35c0\" data-element_type=\"widget\" data-widget_type=\"heading.default\">\n\t\t\t\t<div class=\"elementor-widget-container\">\n\t\t\t\t\t<h2 class=\"elementor-heading-title elementor-size-default\">Servicios de asesor\u00eda jur\u00eddica<\/h2>\t\t\t\t<\/div>\n\t\t\t\t<\/div>\n\t\t\t\t<div class=\"elementor-element elementor-element-e6457c1 elementor-widget elementor-widget-text-editor\" data-id=\"e6457c1\" data-element_type=\"widget\" data-widget_type=\"text-editor.default\">\n\t\t\t\t<div class=\"elementor-widget-container\">\n\t\t\t\t\t\t\t\t\t<ul><li>Constituci\u00f3n de sociedades.<\/li><li>Contratos mercantiles.<\/li><li>Reclamaciones y demandas en Derecho\u00a0Laboral y Seguridad Social.<\/li><li>Gesti\u00f3n de arrendamientos.<\/li><li>Altas y bajas de actividad.<\/li><li>Tr\u00e1mites en el Registro de Empresas Acreditadas.<\/li><li>Tramitaci\u00f3n de escrituras de constituci\u00f3n.<\/li><li>Modificaci\u00f3n de estatutos.<\/li><li>Tr\u00e1mites en registros mercantiles y civiles.<\/li><\/ul>\t\t\t\t\t\t\t\t<\/div>\n\t\t\t\t<\/div>\n\t\t\t\t<\/div>\n\t\t<div class=\"elementor-element elementor-element-02cbebc e-con-full e-flex e-con e-child\" data-id=\"02cbebc\" data-element_type=\"container\" data-settings=\"{&quot;background_background&quot;:&quot;classic&quot;}\">\n\t\t\t\t<div class=\"elementor-element elementor-element-3c6b832 elementor-widget elementor-widget-spacer\" data-id=\"3c6b832\" data-element_type=\"widget\" data-widget_type=\"spacer.default\">\n\t\t\t\t<div class=\"elementor-widget-container\">\n\t\t\t\t\t\t\t<div class=\"elementor-spacer\">\n\t\t\t<div class=\"elementor-spacer-inner\"><\/div>\n\t\t<\/div>\n\t\t\t\t\t\t<\/div>\n\t\t\t\t<\/div>\n\t\t\t\t<\/div>\n\t\t\t\t<\/div>\n\t\t<div class=\"elementor-element elementor-element-235b2cc e-con-full e-flex e-con e-parent\" data-id=\"235b2cc\" data-element_type=\"container\">\n\t\t<div class=\"elementor-element elementor-element-6888bfa e-con-full e-flex e-con e-child\" data-id=\"6888bfa\" data-element_type=\"container\" data-settings=\"{&quot;background_background&quot;:&quot;classic&quot;}\">\n\t\t\t\t<div class=\"elementor-element elementor-element-58684e3 elementor-widget elementor-widget-spacer\" data-id=\"58684e3\" data-element_type=\"widget\" data-widget_type=\"spacer.default\">\n\t\t\t\t<div class=\"elementor-widget-container\">\n\t\t\t\t\t\t\t<div class=\"elementor-spacer\">\n\t\t\t<div class=\"elementor-spacer-inner\"><\/div>\n\t\t<\/div>\n\t\t\t\t\t\t<\/div>\n\t\t\t\t<\/div>\n\t\t\t\t<\/div>\n\t\t<div class=\"elementor-element elementor-element-b3b098e e-con-full e-flex e-con e-child\" data-id=\"b3b098e\" data-element_type=\"container\">\n\t\t\t\t<div class=\"elementor-element elementor-element-02ae16d elementor-widget elementor-widget-heading\" data-id=\"02ae16d\" data-element_type=\"widget\" data-widget_type=\"heading.default\">\n\t\t\t\t<div class=\"elementor-widget-container\">\n\t\t\t\t\t<h2 class=\"elementor-heading-title elementor-size-default\">Servicios de seguros<\/h2>\t\t\t\t<\/div>\n\t\t\t\t<\/div>\n\t\t\t\t<div class=\"elementor-element elementor-element-6093983 elementor-widget elementor-widget-text-editor\" data-id=\"6093983\" data-element_type=\"widget\" data-widget_type=\"text-editor.default\">\n\t\t\t\t<div class=\"elementor-widget-container\">\n\t\t\t\t\t\t\t\t\t<ul><li>Hogar.<\/li><li>Turismos y motos.<\/li><li>Responsabilidad civil.<\/li><li>De vida.<\/li><li>De accidentes.<\/li><li>Planes de pensiones.<\/li><li>Planes de jubilaci\u00f3n.<\/li><li>Asistencia y hospitalizaci\u00f3n.<\/li><li>Tr\u00e1mite de siniestros.<\/li><li>Asesoramiento y estudio de todo tipo de seguros.<\/li><\/ul>\t\t\t\t\t\t\t\t<\/div>\n\t\t\t\t<\/div>\n\t\t\t\t<\/div>\n\t\t\t\t<\/div>\n\t\t\t\t<\/div>","protected":false},"excerpt":{"rendered":"<p>Ofrecemos servicios de gestor\u00eda online especializada en PYMES y aut\u00f3nomos Nos enfocamos en guiar a nuestros clientes en el d\u00eda a d\u00eda de su empresa, proporcionando servicios y soluciones adaptadas a cada necesidad, tanto presencial como digitalmente. Servicios de gestor\u00eda en departamento laboral Asesoramiento para empresas. Gesti\u00f3n de n\u00f3minas. Contrataci\u00f3n laboral. Asistencia y representaci\u00f3n ante [&hellip;]<\/p>","protected":false},"author":1,"featured_media":0,"parent":0,"menu_order":0,"comment_status":"closed","ping_status":"closed","template":"","meta":{"footnotes":""},"class_list":["post-17","page","type-page","status-publish","hentry"],"_links":{"self":[{"href":"https:\/\/www.aspimeonline.es\/ca\/wp-json\/wp\/v2\/pages\/17","targetHints":{"allow":["GET"]}}],"collection":[{"href":"https:\/\/www.aspimeonline.es\/ca\/wp-json\/wp\/v2\/pages"}],"about":[{"href":"https:\/\/www.aspimeonline.es\/ca\/wp-json\/wp\/v2\/types\/page"}],"author":[{"embeddable":true,"href":"https:\/\/www.aspimeonline.es\/ca\/wp-json\/wp\/v2\/users\/1"}],"replies":[{"embeddable":true,"href":"https:\/\/www.aspimeonline.es\/ca\/wp-json\/wp\/v2\/comments?post=17"}],"version-history":[{"count":14,"href":"https:\/\/www.aspimeonline.es\/ca\/wp-json\/wp\/v2\/pages\/17\/revisions"}],"predecessor-version":[{"id":201,"href":"https:\/\/www.aspimeonline.es\/ca\/wp-json\/wp\/v2\/pages\/17\/revisions\/201"}],"wp:attachment":[{"href":"https:\/\/www.aspimeonline.es\/ca\/wp-json\/wp\/v2\/media?parent=17"}],"curies":[{"name":"wp","href":"https:\/\/api.w.org\/{rel}","templated":true}]}}